{"id":7,"date":"2020-05-28T18:51:41","date_gmt":"2020-05-28T18:51:41","guid":{"rendered":"http:\/\/192.168.178.39\/blog\/?page_id=7"},"modified":"2020-06-07T21:27:31","modified_gmt":"2020-06-07T21:27:31","slug":"startseite","status":"publish","type":"page","link":"http:\/\/gnude.feste-ip.net\/blog\/?page_id=7","title":{"rendered":"Startseite"},"content":{"rendered":"\n<p>Willkommen auf meinem Blog,<\/p>\n\n\n\n<p>ich nutze diesen Blog um meine Erfahrungen mit Ubuntu festzuhalten, aber auch um Tipps und Tricks die ich mir erarbeitet habe weiter zu geben. Oftmals ist es so das man einige Zeit braucht bis man eine L\u00f6sung f\u00fcr ein spezielles Problem gefunden hat und diesen Blog nutze ich sozusagen als Ged\u00e4chnisst\u00fctze um auch sp\u00e4ter nochmal nachlesen zu k\u00f6nnen. Gleichzeitig m\u00f6chte ich die Tipps und Tricks auch f\u00fcr andere zug\u00e4nglich machen, da ich selbst weiss wie dankbar man f\u00fcr den passenden Tipp sein kann.<\/p>\n\n\n\n<p>Ich hoffe daher das ich mit den Beitr\u00e4gen dem einen oder anderen helfen kann bei einem Problem einen m\u00f6glichen L\u00f6sungsweg zu finden. Ich m\u00f6chte diesen Blog also auf der einen Seite zum st\u00f6bern anbieten, aber auch f\u00fcr die Suchmaschine nutzbar zu machen um bei Eingabe von Fragen oder Fehlermeldungen entsprechende L\u00f6sungen liefern zu k\u00f6nnen.<\/p>\n","protected":false},"excerpt":{"rendered":"<p>Willkommen auf meinem Blog, ich nutze diesen Blog um meine Erfahrungen mit Ubuntu festzuhalten, aber auch um Tipps [&hellip;]<\/p>\n","protected":false},"author":1,"featured_media":0,"parent":0,"menu_order":0,"comment_status":"closed","ping_status":"closed","template":"","meta":[],"_links":{"self":[{"href":"http:\/\/gnude.feste-ip.net\/blog\/index.php?rest_route=\/wp\/v2\/pages\/7"}],"collection":[{"href":"http:\/\/gnude.feste-ip.net\/blog\/index.php?rest_route=\/wp\/v2\/pages"}],"about":[{"href":"http:\/\/gnude.feste-ip.net\/blog\/index.php?rest_route=\/wp\/v2\/types\/page"}],"author":[{"embeddable":true,"href":"http:\/\/gnude.feste-ip.net\/blog\/index.php?rest_route=\/wp\/v2\/users\/1"}],"replies":[{"embeddable":true,"href":"http:\/\/gnude.feste-ip.net\/blog\/index.php?rest_route=%2Fwp%2Fv2%2Fcomments&post=7"}],"version-history":[{"count":2,"href":"http:\/\/gnude.feste-ip.net\/blog\/index.php?rest_route=\/wp\/v2\/pages\/7\/revisions"}],"predecessor-version":[{"id":34,"href":"http:\/\/gnude.feste-ip.net\/blog\/index.php?rest_route=\/wp\/v2\/pages\/7\/revisions\/34"}],"wp:attachment":[{"href":"http:\/\/gnude.feste-ip.net\/blog\/index.php?rest_route=%2Fwp%2Fv2%2Fmedia&parent=7"}],"curies":[{"name":"wp","href":"https:\/\/api.w.org\/{rel}","templated":true}]}}