{"id":18,"date":"2020-05-28T19:27:32","date_gmt":"2020-05-28T19:27:32","guid":{"rendered":"http:\/\/192.168.178.39\/blog\/?page_id=18"},"modified":"2020-05-28T20:56:20","modified_gmt":"2020-05-28T20:56:20","slug":"impressum","status":"publish","type":"page","link":"http:\/\/gnude.feste-ip.net\/blog\/?page_id=18","title":{"rendered":"Impressum"},"content":{"rendered":"\n<p>Kontakt:<\/p>\n\n\n\n<p>Andre Nitschke<br>Stettiner Str. 2<br>45770 Marl<br><br>eMail: andre@nitschke-marl.de<\/p>\n\n\n\n<p><\/p>\n\n\n\n<h2>Datenschutzerkl\u00e4rung<\/h2>\n\n\n\n<p>Personenbezogene Daten (nachfolgend zumeist nur \u201eDaten\u201c genannt) \nwerden von uns nur im Rahmen der Erforderlichkeit sowie zum Zwecke der \nBereitstellung eines funktionsf\u00e4higen und nutzerfreundlichen \nInternetauftritts, inklusive seiner Inhalte und der dort angebotenen \nLeistungen, verarbeitet.<\/p>\n\n\n\n<p>Gem\u00e4\u00df Art. 4 Ziffer 1. der Verordnung (EU) 2016\/679, also der \nDatenschutz-Grundverordnung (nachfolgend nur \u201eDSGVO\u201c genannt), gilt als \n\u201eVerarbeitung\u201c jeder mit oder ohne Hilfe automatisierter Verfahren \nausgef\u00fchrter Vorgang oder jede solche Vorgangsreihe im Zusammenhang mit \npersonenbezogenen Daten, wie das Erheben, das Erfassen, die \nOrganisation, das Ordnen, die Speicherung, die Anpassung oder \nVer\u00e4nderung, das Auslesen, das Abfragen, die Verwendung, die Offenlegung\n durch \u00dcbermittlung, Verbreitung oder eine andere Form der \nBereitstellung, den Abgleich oder die Verkn\u00fcpfung, die Einschr\u00e4nkung, \ndas L\u00f6schen oder die Vernichtung.<\/p>\n\n\n\n<p>Mit der nachfolgenden Datenschutzerkl\u00e4rung informieren wir Sie \ninsbesondere \u00fcber Art, Umfang, Zweck, Dauer und Rechtsgrundlage der \nVerarbeitung personenbezogener Daten, soweit wir entweder allein oder \ngemeinsam mit anderen \u00fcber die Zwecke und Mittel der Verarbeitung \nentscheiden. Zudem informieren wir Sie nachfolgend \u00fcber die von uns zu \nOptimierungszwecken sowie zur Steigerung der Nutzungsqualit\u00e4t \neingesetzten Fremdkomponenten, soweit hierdurch Dritte Daten in wiederum\n eigener Verantwortung verarbeiten.<\/p>\n\n\n\n<p>Unsere Datenschutzerkl\u00e4rung ist wie folgt gegliedert:<\/p>\n\n\n\n<p>I. Informationen \u00fcber uns als Verantwortliche<br>II. Rechte der Nutzer und Betroffenen<br>III. Informationen zur Datenverarbeitung<\/p>\n\n\n\n<h3>I. Informationen \u00fcber uns als Verantwortliche<\/h3>\n\n\n\n<p>Verantwortlicher Anbieter dieses Internetauftritts im datenschutzrechtlichen Sinne ist:<\/p>\n\n\n\n<p>Andre Nitschke<br>Stettiner Str. 2<br>45770 Marl<br>Deutschland<br>E-Mail: andre@nitschke-marl.de<\/p>\n\n\n\n<h3>II. Rechte der Nutzer und Betroffenen<\/h3>\n\n\n\n<p>Mit Blick auf die nachfolgend noch n\u00e4her beschriebene Datenverarbeitung haben die Nutzer und Betroffenen das Recht<\/p>\n\n\n\n<ul><li>auf Best\u00e4tigung, ob sie betreffende Daten verarbeitet werden, auf \nAuskunft \u00fcber die verarbeiteten Daten, auf weitere Informationen \u00fcber \ndie Datenverarbeitung sowie auf Kopien der Daten (vgl. auch Art. 15 \nDSGVO);<\/li><li>auf Berichtigung oder Vervollst\u00e4ndigung unrichtiger bzw. unvollst\u00e4ndiger Daten (vgl. auch Art. 16 DSGVO);<\/li><li>auf unverz\u00fcgliche L\u00f6schung der sie betreffenden Daten (vgl. auch \nArt. 17 DSGVO), oder, alternativ, soweit eine weitere Verarbeitung gem\u00e4\u00df\n Art. 17 Abs. 3 DSGVO erforderlich ist, auf Einschr\u00e4nkung der \nVerarbeitung nach Ma\u00dfgabe von Art. 18 DSGVO;<\/li><li>auf Erhalt der sie betreffenden und von ihnen bereitgestellten Daten\n und auf \u00dcbermittlung dieser Daten an andere Anbieter\/Verantwortliche \n(vgl. auch Art. 20 DSGVO);<\/li><li>auf Beschwerde gegen\u00fcber der Aufsichtsbeh\u00f6rde, sofern sie der \nAnsicht sind, dass die sie betreffenden Daten durch den Anbieter unter \nVersto\u00df gegen datenschutzrechtliche Bestimmungen verarbeitet werden \n(vgl. auch Art. 77 DSGVO).<\/li><\/ul>\n\n\n\n<p>Dar\u00fcber hinaus ist der Anbieter dazu verpflichtet, alle Empf\u00e4nger, \ndenen gegen\u00fcber Daten durch den Anbieter offengelegt worden sind, \u00fcber \njedwede Berichtigung oder L\u00f6schung von Daten oder die Einschr\u00e4nkung der \nVerarbeitung, die aufgrund der Artikel 16, 17 Abs. 1, 18 DSGVO erfolgt, \nzu unterrichten. Diese Verpflichtung besteht jedoch nicht, soweit diese \nMitteilung unm\u00f6glich oder mit einem unverh\u00e4ltnism\u00e4\u00dfigen Aufwand \nverbunden ist. Unbeschadet dessen hat der Nutzer ein Recht auf Auskunft \n\u00fcber diese Empf\u00e4nger.<\/p>\n\n\n\n<p><strong>Ebenfalls haben die Nutzer und Betroffenen nach Art. 21 DSGVO\n das Recht auf Widerspruch gegen die k\u00fcnftige Verarbeitung der sie \nbetreffenden Daten, sofern die Daten durch den Anbieter nach Ma\u00dfgabe von\n Art. 6 Abs. 1 lit. f) DSGVO verarbeitet werden. Insbesondere ist ein \nWiderspruch gegen die Datenverarbeitung zum Zwecke der Direktwerbung \nstatthaft.<\/strong><\/p>\n\n\n\n<h3>III. Informationen zur Datenverarbeitung<\/h3>\n\n\n\n<p>Ihre bei Nutzung unseres Internetauftritts verarbeiteten Daten werden\n gel\u00f6scht oder gesperrt, sobald der Zweck der Speicherung entf\u00e4llt, der \nL\u00f6schung der Daten keine gesetzlichen Aufbewahrungspflichten \nentgegenstehen und nachfolgend keine anderslautenden Angaben zu \neinzelnen Verarbeitungsverfahren gemacht werden.<\/p>\n\n\n\n<p>\n<a target=\"_blank\" href=\"https:\/\/www.ratgeberrecht.eu\/leistungen\/muster-datenschutzerklaerung.html\" rel=\"noreferrer noopener\">Muster-Datenschutzerkl\u00e4rung<\/a> der <a target=\"_blank\" href=\"https:\/\/www.ratgeberrecht.eu\/datenschutz\/datenschutzerklaerung-generator-dsgvo.html\" rel=\"noreferrer noopener\">Anwaltskanzlei Wei\u00df &amp; Partner<\/a><\/p>\n","protected":false},"excerpt":{"rendered":"<p>Kontakt: Andre NitschkeStettiner Str. 245770 Marl eMail: andre@nitschke-marl.de Datenschutzerkl\u00e4rung Personenbezogene Daten (nachfolgend zumeist nur \u201eDaten\u201c genannt) werden von [&hellip;]<\/p>\n","protected":false},"author":1,"featured_media":0,"parent":0,"menu_order":3,"comment_status":"closed","ping_status":"closed","template":"","meta":[],"_links":{"self":[{"href":"http:\/\/gnude.feste-ip.net\/blog\/index.php?rest_route=\/wp\/v2\/pages\/18"}],"collection":[{"href":"http:\/\/gnude.feste-ip.net\/blog\/index.php?rest_route=\/wp\/v2\/pages"}],"about":[{"href":"http:\/\/gnude.feste-ip.net\/blog\/index.php?rest_route=\/wp\/v2\/types\/page"}],"author":[{"embeddable":true,"href":"http:\/\/gnude.feste-ip.net\/blog\/index.php?rest_route=\/wp\/v2\/users\/1"}],"replies":[{"embeddable":true,"href":"http:\/\/gnude.feste-ip.net\/blog\/index.php?rest_route=%2Fwp%2Fv2%2Fcomments&post=18"}],"version-history":[{"count":3,"href":"http:\/\/gnude.feste-ip.net\/blog\/index.php?rest_route=\/wp\/v2\/pages\/18\/revisions"}],"predecessor-version":[{"id":25,"href":"http:\/\/gnude.feste-ip.net\/blog\/index.php?rest_route=\/wp\/v2\/pages\/18\/revisions\/25"}],"wp:attachment":[{"href":"http:\/\/gnude.feste-ip.net\/blog\/index.php?rest_route=%2Fwp%2Fv2%2Fmedia&parent=18"}],"curies":[{"name":"wp","href":"https:\/\/api.w.org\/{rel}","templated":true}]}}